{"id":110,"date":"2019-05-30T09:57:33","date_gmt":"2019-05-30T09:57:33","guid":{"rendered":"http:\/\/indichugyved.hu\/?page_id=110"},"modified":"2019-06-04T07:05:43","modified_gmt":"2019-06-04T07:05:43","slug":"ugyfelfogadas","status":"publish","type":"page","link":"https:\/\/indichugyved.hu\/?page_id=110","title":{"rendered":"\u00dcgyf\u00e9lfogad\u00e1s"},"content":{"rendered":"\n<p><em>El\u0151re egyeztetett id\u0151pontban<\/em>:<\/p>\n\n\n\n<p>Telefon: +36 30 661-6747<\/p>\n\n\n\n<p>Telefon\/fax: +36 74 581-123<\/p>\n","protected":false},"excerpt":{"rendered":"<p>El\u0151re egyeztetett id\u0151pontban: Telefon: +36 30 661-6747 Telefon\/fax: +36 74 581-123<\/p>\n","protected":false},"author":1,"featured_media":0,"parent":0,"menu_order":0,"comment_status":"closed","ping_status":"open","template":"","meta":{"footnotes":""},"class_list":["post-110","page","type-page","status-publish","hentry"],"_links":{"self":[{"href":"https:\/\/indichugyved.hu\/index.php?rest_route=\/wp\/v2\/pages\/110","targetHints":{"allow":["GET"]}}],"collection":[{"href":"https:\/\/indichugyved.hu\/index.php?rest_route=\/wp\/v2\/pages"}],"about":[{"href":"https:\/\/indichugyved.hu\/index.php?rest_route=\/wp\/v2\/types\/page"}],"author":[{"embeddable":true,"href":"https:\/\/indichugyved.hu\/index.php?rest_route=\/wp\/v2\/users\/1"}],"replies":[{"embeddable":true,"href":"https:\/\/indichugyved.hu\/index.php?rest_route=%2Fwp%2Fv2%2Fcomments&post=110"}],"version-history":[{"count":5,"href":"https:\/\/indichugyved.hu\/index.php?rest_route=\/wp\/v2\/pages\/110\/revisions"}],"predecessor-version":[{"id":168,"href":"https:\/\/indichugyved.hu\/index.php?rest_route=\/wp\/v2\/pages\/110\/revisions\/168"}],"wp:attachment":[{"href":"https:\/\/indichugyved.hu\/index.php?rest_route=%2Fwp%2Fv2%2Fmedia&parent=110"}],"curies":[{"name":"wp","href":"https:\/\/api.w.org\/{rel}","templated":true}]}}