{"id":111,"date":"2019-05-30T09:57:33","date_gmt":"2019-05-30T09:57:33","guid":{"rendered":"http:\/\/indichugyved.hu\/?page_id=111"},"modified":"2019-06-04T08:26:14","modified_gmt":"2019-06-04T08:26:14","slug":"szakteruletek","status":"publish","type":"page","link":"https:\/\/indichugyved.hu\/?page_id=111","title":{"rendered":"Szakter\u00fcletek"},"content":{"rendered":"\n<p class=\"has-text-color has-medium-font-size has-vivid-cyan-blue-color\"><strong>Szerz\u0151d\u00e9sek, okiratok szerkeszt\u00e9se<\/strong><\/p>\n\n\n\n<p class=\"has-text-color has-medium-font-size has-vivid-cyan-blue-color\"><strong>Teljes k\u00f6r\u0171 c\u00e9gk\u00e9pviselet<\/strong> (c\u00e9galap\u00edt\u00e1s, c\u00e9gm\u00f3dos\u00edt\u00e1s, v\u00e9gelsz\u00e1mol\u00e1s, felsz\u00e1mol\u00e1si elj\u00e1r\u00e1s) <\/p>\n\n\n\n<p class=\"has-text-color has-medium-font-size has-vivid-cyan-blue-color\"><strong> Jogi k\u00e9pviselet ell\u00e1t\u00e1sa<\/strong> (polg\u00e1ri jogi-, k\u00e1rt\u00e9r\u00edt\u00e9si-, csal\u00e1djogi-, munkajogi \u00fcgyek, v\u00e9grehajt\u00e1si elj\u00e1r\u00e1sok, \u00f6r\u00f6kl\u00e9si \u00fcgyek) <\/p>\n\n\n\n<p class=\"has-text-color has-medium-font-size has-vivid-cyan-blue-color\"><strong>B\u00fcntet\u0151jogi v\u00e9delem <\/strong><\/p>\n\n\n\n<p class=\"has-text-color has-medium-font-size has-vivid-cyan-blue-color\"><strong>Jogi tan\u00e1csad\u00e1s<\/strong><\/p>\n","protected":false},"excerpt":{"rendered":"<p>Szerz\u0151d\u00e9sek, okiratok szerkeszt\u00e9se Teljes k\u00f6r\u0171 c\u00e9gk\u00e9pviselet (c\u00e9galap\u00edt\u00e1s, c\u00e9gm\u00f3dos\u00edt\u00e1s, v\u00e9gelsz\u00e1mol\u00e1s, felsz\u00e1mol\u00e1si elj\u00e1r\u00e1s) Jogi k\u00e9pviselet ell\u00e1t\u00e1sa (polg\u00e1ri jogi-, k\u00e1rt\u00e9r\u00edt\u00e9si-, csal\u00e1djogi-, munkajogi \u00fcgyek, v\u00e9grehajt\u00e1si elj\u00e1r\u00e1sok, \u00f6r\u00f6kl\u00e9si \u00fcgyek) B\u00fcntet\u0151jogi v\u00e9delem Jogi tan\u00e1csad\u00e1s<\/p>\n","protected":false},"author":1,"featured_media":0,"parent":0,"menu_order":0,"comment_status":"closed","ping_status":"open","template":"","meta":{"footnotes":""},"class_list":["post-111","page","type-page","status-publish","hentry"],"_links":{"self":[{"href":"https:\/\/indichugyved.hu\/index.php?rest_route=\/wp\/v2\/pages\/111","targetHints":{"allow":["GET"]}}],"collection":[{"href":"https:\/\/indichugyved.hu\/index.php?rest_route=\/wp\/v2\/pages"}],"about":[{"href":"https:\/\/indichugyved.hu\/index.php?rest_route=\/wp\/v2\/types\/page"}],"author":[{"embeddable":true,"href":"https:\/\/indichugyved.hu\/index.php?rest_route=\/wp\/v2\/users\/1"}],"replies":[{"embeddable":true,"href":"https:\/\/indichugyved.hu\/index.php?rest_route=%2Fwp%2Fv2%2Fcomments&post=111"}],"version-history":[{"count":7,"href":"https:\/\/indichugyved.hu\/index.php?rest_route=\/wp\/v2\/pages\/111\/revisions"}],"predecessor-version":[{"id":180,"href":"https:\/\/indichugyved.hu\/index.php?rest_route=\/wp\/v2\/pages\/111\/revisions\/180"}],"wp:attachment":[{"href":"https:\/\/indichugyved.hu\/index.php?rest_route=%2Fwp%2Fv2%2Fmedia&parent=111"}],"curies":[{"name":"wp","href":"https:\/\/api.w.org\/{rel}","templated":true}]}}