{"id":28,"date":"2019-05-17T09:41:27","date_gmt":"2019-05-17T09:41:27","guid":{"rendered":"http:\/\/indichugyved.hu\/?page_id=28"},"modified":"2019-06-04T10:23:18","modified_gmt":"2019-06-04T10:23:18","slug":"kapcsolat","status":"publish","type":"page","link":"https:\/\/indichugyved.hu\/?page_id=28","title":{"rendered":"Kapcsolat"},"content":{"rendered":"\n<h3 class=\"wp-block-heading\"><strong>Sz\u00e9khely:<\/strong> <\/h3>\n\n\n\n<p class=\"has-text-color has-medium-font-size has-vivid-cyan-blue-color\"><strong>7100 Szeksz\u00e1rd<\/strong>, <strong>Sz\u00e9chenyi u. 22.II.\/21. ajt\u00f3<\/strong><\/p>\n\n\n\n<h4 class=\"wp-block-heading\">Alirod\u00e1k:<\/h4>\n\n\n\n<p class=\"has-text-color has-medium-font-size has-vivid-cyan-blue-color\"><strong>7030 Paks, Rosthy utca 6.<\/strong><\/p>\n\n\n\n<p class=\"has-text-color has-medium-font-size has-vivid-cyan-blue-color\"><strong>7025 B\u00f6lcske, Templom t\u00e9r 5.<\/strong><\/p>\n\n\n\n<h4 class=\"wp-block-heading\">Email:<\/h4>\n\n\n\n<p class=\"has-text-color has-medium-font-size has-vivid-cyan-blue-color\"><strong>iroda@indichugyved.hu<\/strong><\/p>\n","protected":false},"excerpt":{"rendered":"<p>Sz\u00e9khely: 7100 Szeksz\u00e1rd, Sz\u00e9chenyi u. 22.II.\/21. ajt\u00f3 Alirod\u00e1k: 7030 Paks, Rosthy utca 6. 7025 B\u00f6lcske, Templom t\u00e9r 5. Email: iroda@indichugyved.hu<\/p>\n","protected":false},"author":1,"featured_media":0,"parent":0,"menu_order":0,"comment_status":"closed","ping_status":"open","template":"","meta":{"footnotes":""},"class_list":["post-28","page","type-page","status-publish","hentry"],"_links":{"self":[{"href":"https:\/\/indichugyved.hu\/index.php?rest_route=\/wp\/v2\/pages\/28","targetHints":{"allow":["GET"]}}],"collection":[{"href":"https:\/\/indichugyved.hu\/index.php?rest_route=\/wp\/v2\/pages"}],"about":[{"href":"https:\/\/indichugyved.hu\/index.php?rest_route=\/wp\/v2\/types\/page"}],"author":[{"embeddable":true,"href":"https:\/\/indichugyved.hu\/index.php?rest_route=\/wp\/v2\/users\/1"}],"replies":[{"embeddable":true,"href":"https:\/\/indichugyved.hu\/index.php?rest_route=%2Fwp%2Fv2%2Fcomments&post=28"}],"version-history":[{"count":22,"href":"https:\/\/indichugyved.hu\/index.php?rest_route=\/wp\/v2\/pages\/28\/revisions"}],"predecessor-version":[{"id":187,"href":"https:\/\/indichugyved.hu\/index.php?rest_route=\/wp\/v2\/pages\/28\/revisions\/187"}],"wp:attachment":[{"href":"https:\/\/indichugyved.hu\/index.php?rest_route=%2Fwp%2Fv2%2Fmedia&parent=28"}],"curies":[{"name":"wp","href":"https:\/\/api.w.org\/{rel}","templated":true}]}}